{"id":51,"date":"2023-04-23T22:33:12","date_gmt":"2023-04-23T20:33:12","guid":{"rendered":"https:\/\/chorale-esperance.com\/?page_id=51"},"modified":"2023-04-24T18:21:31","modified_gmt":"2023-04-24T16:21:31","slug":"qui-sommes-nous","status":"publish","type":"page","link":"https:\/\/chorale-esperance.com\/index.php\/qui-sommes-nous\/","title":{"rendered":"Notre histoire"},"content":{"rendered":"\n<div class=\"wp-block-group alignfull has-background\" style=\"background:linear-gradient(135deg,rgb(2,3,129) 11%,rgb(40,116,252) 100%)\"><div class=\"wp-block-group__inner-container is-layout-flow wp-block-group-is-layout-flow\">\n<div class=\"wp-block-columns alignwide is-layout-flex wp-container-core-columns-is-layout-9d6595d7 wp-block-columns-is-layout-flex\">\n<div class=\"wp-block-column is-layout-flow wp-block-column-is-layout-flow\">\n<div style=\"height:100px\" aria-hidden=\"true\" class=\"wp-block-spacer\"><\/div>\n\n\n\n<h6 class=\"wp-block-heading has-text-color\" id=\"ecosystem\" style=\"color:#000000\">Le Gospel contemporain<\/h6>\n\n\n\n<p class=\"has-text-color\" style=\"color:#000000;font-size:5vw;line-height:1.1\"><strong>Une longue histoire.<\/strong><\/p>\n\n\n\n<div style=\"height:5px\" aria-hidden=\"true\" class=\"wp-block-spacer\"><\/div>\n<\/div>\n<\/div>\n\n\n\n<div class=\"wp-block-columns alignwide is-layout-flex wp-container-core-columns-is-layout-9d6595d7 wp-block-columns-is-layout-flex\">\n<div class=\"wp-block-column is-layout-flow wp-block-column-is-layout-flow\" style=\"flex-basis:33.38%\">\n<p class=\"has-white-color has-text-color has-normal-font-size\">Fond\u00e9e vers +\/-1988 par l\u2019\u00e9v\u00eaque Martin L. Mutyebele, Pasteur titulaire de l\u2019\u00e9glise &#8220;La Nouvelle J\u00e9rusalem&#8221;, <\/p>\n\n\n\n<p class=\"has-white-color has-text-color has-normal-font-size\">la chorale des mamans (comme elle se nommait \u00e0 l\u2019\u00e9poque) est compos\u00e9e \u00e0 ses d\u00e9buts uniquement de femmes d\u2019un certain \u00e2ge, et interpr\u00e8te des cantiques traditionnels d\u2019\u00e9glise.<\/p>\n\n\n\n<p><\/p>\n\n\n\n<p class=\"has-white-color has-text-color has-normal-font-size\">De 88 \u00e0 94, la chorale va \u00eatre dirig\u00e9e successivement par Rosiane Mutyebele (l\u2019\u00e9pouse du pasteur), Carole Douala, Charlotte Kumwamba  et enfin Denise Liselele. C\u2019est probablement durant cette p\u00e9riode, en 1992, que la chorale va prendre son nom actuel : Esp\u00e9rance.<\/p>\n\n\n\n<p class=\"has-white-color has-text-color\">Au fil du temps, la chorale va interpr\u00e9ter ses propres compositions musicales.<\/p>\n<\/div>\n\n\n\n<div class=\"wp-block-column is-layout-flow wp-block-column-is-layout-flow\" style=\"flex-basis:33%\">\n<div style=\"height:100px\" aria-hidden=\"true\" class=\"wp-block-spacer\"><\/div>\n\n\n\n<figure class=\"wp-block-image size-large\"><img loading=\"lazy\" decoding=\"async\" width=\"581\" height=\"1024\" src=\"https:\/\/chorale-esperance.com\/wp-content\/uploads\/2023\/04\/DSC02950-581x1024.jpg\" alt=\"\" class=\"wp-image-98\" srcset=\"https:\/\/chorale-esperance.com\/wp-content\/uploads\/2023\/04\/DSC02950-581x1024.jpg 581w, https:\/\/chorale-esperance.com\/wp-content\/uploads\/2023\/04\/DSC02950-170x300.jpg 170w, https:\/\/chorale-esperance.com\/wp-content\/uploads\/2023\/04\/DSC02950-768x1353.jpg 768w, https:\/\/chorale-esperance.com\/wp-content\/uploads\/2023\/04\/DSC02950-872x1536.jpg 872w, https:\/\/chorale-esperance.com\/wp-content\/uploads\/2023\/04\/DSC02950-1162x2048.jpg 1162w, https:\/\/chorale-esperance.com\/wp-content\/uploads\/2023\/04\/DSC02950-scaled.jpg 1453w\" sizes=\"auto, (max-width: 581px) 100vw, 581px\" \/><\/figure>\n<\/div>\n\n\n\n<div class=\"wp-block-column is-layout-flow wp-block-column-is-layout-flow\" style=\"flex-basis:33.62%\">\n<figure class=\"wp-block-image size-large\"><img loading=\"lazy\" decoding=\"async\" width=\"855\" height=\"1024\" src=\"https:\/\/chorale-esperance.com\/wp-content\/uploads\/2023\/04\/DSC02775-855x1024.jpg\" alt=\"\" class=\"wp-image-94\" srcset=\"https:\/\/chorale-esperance.com\/wp-content\/uploads\/2023\/04\/DSC02775-855x1024.jpg 855w, https:\/\/chorale-esperance.com\/wp-content\/uploads\/2023\/04\/DSC02775-250x300.jpg 250w, https:\/\/chorale-esperance.com\/wp-content\/uploads\/2023\/04\/DSC02775-768x920.jpg 768w, https:\/\/chorale-esperance.com\/wp-content\/uploads\/2023\/04\/DSC02775-1282x1536.jpg 1282w, https:\/\/chorale-esperance.com\/wp-content\/uploads\/2023\/04\/DSC02775-1710x2048.jpg 1710w\" sizes=\"auto, (max-width: 855px) 100vw, 855px\" \/><\/figure>\n<\/div>\n<\/div>\n\n\n\n<div class=\"wp-block-columns alignwide is-layout-flex wp-container-core-columns-is-layout-9d6595d7 wp-block-columns-is-layout-flex\">\n<div class=\"wp-block-column is-layout-flow wp-block-column-is-layout-flow\" style=\"flex-basis:67%\"><div class=\"wp-block-image\">\n<figure class=\"alignright size-large\"><img loading=\"lazy\" decoding=\"async\" width=\"1024\" height=\"683\" src=\"https:\/\/chorale-esperance.com\/wp-content\/uploads\/2023\/04\/DSC02865-1-1024x683.jpg\" alt=\"\" class=\"wp-image-99\" srcset=\"https:\/\/chorale-esperance.com\/wp-content\/uploads\/2023\/04\/DSC02865-1-1024x683.jpg 1024w, https:\/\/chorale-esperance.com\/wp-content\/uploads\/2023\/04\/DSC02865-1-300x200.jpg 300w, https:\/\/chorale-esperance.com\/wp-content\/uploads\/2023\/04\/DSC02865-1-768x512.jpg 768w, https:\/\/chorale-esperance.com\/wp-content\/uploads\/2023\/04\/DSC02865-1-1536x1024.jpg 1536w, https:\/\/chorale-esperance.com\/wp-content\/uploads\/2023\/04\/DSC02865-1-2048x1365.jpg 2048w\" sizes=\"auto, (max-width: 1024px) 100vw, 1024px\" \/><\/figure>\n<\/div><\/div>\n\n\n\n<div class=\"wp-block-column is-vertically-aligned-center is-layout-flow wp-block-column-is-layout-flow\" style=\"flex-basis:33%\">\n<p class=\"has-white-color has-text-color\">A partir de 1995, apr\u00e8s la sortie de sa k7, la chorale a \u00e9t\u00e9 pr\u00e9sid\u00e9e par feu Pasteur Maurice Ekondo (qui \u00e9tait le premier homme de la chorale &#8211; et qui la pr\u00e9sidera jusqu\u2019\u00e0 son dernier souffle en septembre 2007) et par le directeur technique et artistique, Didier Mutyebele. Sous son impulsion, elle va prendre son envol. Le style des chansons s&#8217;appuie sur un message percutant: bien \u00e9crit et inspir\u00e9 des \u00e9vangiles. Et un style contemporain, qui constituent son originalit\u00e9 et qui lui permettent de toucher un public de plus en plus large.<\/p>\n\n\n\n<p class=\"has-white-color has-text-color\"><\/p>\n<\/div>\n<\/div>\n\n\n\n<figure class=\"wp-block-pullquote\"><blockquote><p>&#8220;Depuis 1998, la chorale va encha\u00eener les productions musicales et petit \u00e0 petit va marquer son emprunte comme l\u2019une des chorales de Gospel contemporain incontournables dans la francophonie.&#8221;<\/p><cite>Didier N. MUTYEBELE <br>RESPONSABLE DE LA CHORALE ESPERANCE ET PASTEUR TITULAIRE DE L&#8217;EGLISE LA NOUVELLE JERUSALEM<\/cite><\/blockquote><\/figure>\n<\/div><\/div>\n","protected":false},"excerpt":{"rendered":"<p>Le Gospel contemporain Une longue histoire. Fond\u00e9e vers +\/-1988 par<\/p>\n<p class=\"more-link\"><a href=\"https:\/\/chorale-esperance.com\/index.php\/qui-sommes-nous\/\" class=\"readmore\">Lire la suite<svg class=\"icon icon-arrow-right\" aria-hidden=\"true\" role=\"img\"> <use href=\"#icon-arrow-right\" xlink:href=\"#icon-arrow-right\"><\/use> <\/svg><span class=\"screen-reader-text\">Notre histoire<\/span><\/a><\/p>\n","protected":false},"author":1,"featured_media":0,"parent":0,"menu_order":0,"comment_status":"closed","ping_status":"closed","template":"","meta":{"footnotes":""},"class_list":["post-51","page","type-page","status-publish","hentry"],"_links":{"self":[{"href":"https:\/\/chorale-esperance.com\/index.php\/wp-json\/wp\/v2\/pages\/51","targetHints":{"allow":["GET"]}}],"collection":[{"href":"https:\/\/chorale-esperance.com\/index.php\/wp-json\/wp\/v2\/pages"}],"about":[{"href":"https:\/\/chorale-esperance.com\/index.php\/wp-json\/wp\/v2\/types\/page"}],"author":[{"embeddable":true,"href":"https:\/\/chorale-esperance.com\/index.php\/wp-json\/wp\/v2\/users\/1"}],"replies":[{"embeddable":true,"href":"https:\/\/chorale-esperance.com\/index.php\/wp-json\/wp\/v2\/comments?post=51"}],"version-history":[{"count":7,"href":"https:\/\/chorale-esperance.com\/index.php\/wp-json\/wp\/v2\/pages\/51\/revisions"}],"predecessor-version":[{"id":243,"href":"https:\/\/chorale-esperance.com\/index.php\/wp-json\/wp\/v2\/pages\/51\/revisions\/243"}],"wp:attachment":[{"href":"https:\/\/chorale-esperance.com\/index.php\/wp-json\/wp\/v2\/media?parent=51"}],"curies":[{"name":"wp","href":"https:\/\/api.w.org\/{rel}","templated":true}]}}