{"id":155,"date":"2023-04-24T09:10:17","date_gmt":"2023-04-24T07:10:17","guid":{"rendered":"https:\/\/chorale-esperance.com\/?page_id=155"},"modified":"2023-04-24T18:18:12","modified_gmt":"2023-04-24T16:18:12","slug":"lhistoire-des-chants","status":"publish","type":"page","link":"https:\/\/chorale-esperance.com\/index.php\/dans-les-coulisses\/lhistoire-des-chants\/","title":{"rendered":"L&#8217;histoire des chants"},"content":{"rendered":"\n<p class=\"has-eighty-black-color has-text-color has-background\" style=\"background-color:#c2e2f2\">Je vous souhaite la bienvenue dans cette rubrique de la chorale dans laquelle moi, Pasteur Didier, j\u2019ai essay\u00e9 de retracer l\u2019historique des chansons de l\u2019album \u00ab&nbsp;best of&nbsp;\u00bb, mais aussi celle de quelques autres chansons coups de c\u0153ur de notre r\u00e9pertoire. La chanson que les internautes ont \u00e9lue meilleure chanson de la Chorale Esp\u00e9rance des ann\u00e9es 95 \u00e0 2005 est la chanson \u00ab&nbsp;Comme un enfant&nbsp;\u00bb.<\/p>\n\n\n\n<p class=\"has-light-gray-color has-text-color has-background\" style=\"background-color:#413fd6\"><strong>\u00ab&nbsp;Je te donne&nbsp;\u00bb<\/strong> Ce chant que j\u2019ai termin\u00e9 d\u2019\u00e9crire le 17 octobre 2003 marque le d\u00e9but d\u2019une s\u00e9rie (qui n\u2019a pas encore pris fin) de chants de louange et de cons\u00e9cration au Seigneur\u2026.( th\u00e8mes d\u00e9velopp\u00e9s aussi dans la m\u00eame p\u00e9riode dans les chants que j\u2019ai \u00e9crit pour l\u2019\u00e9quipe de louange)\u2026son originalit\u00e9 est son style assez pop, tr\u00e8s \u00ab&nbsp;louange&nbsp;\u00bb, style qui ne m\u2019a jamais trop inspir\u00e9 avant cette p\u00e9riode (pour la chorale tout au moins)\u2026ce chant a \u00e9t\u00e9 express\u00e9ment \u00e9crit pour le CD \u00ab&nbsp;mon tour viendra&nbsp;\u00bb, et est venu s\u2019ins\u00e9rer dans la s\u00e9rie de 7 chants que j\u2019ai \u00e9crit cette ann\u00e9e l\u00e0\u2026<\/p>\n\n\n\n<p class=\"has-light-gray-color has-text-color has-background\" style=\"background-color:#23237e\">&#8220;J&#8217;\u00e9l\u00e8ve ma voix&#8221;. J\u2019ai termin\u00e9 l\u2019\u00e9criture et la composition de cette chanson le 8 mai 2004; \u00e7a faisait longtemps que je voulais \u00e9crire une chanson dans un style un peu chaud, exotique (m\u00e9lange de salsa et de r&amp;b) et au niveau du texte je voulais poursuivre mon \u00e9lan (commenc\u00e9 quelques mois plus t\u00f4t) dans des textes de louange. Comme d\u2019habitude, une id\u00e9e, un message, une m\u00e9lodie et le tour est jou\u00e9. 2004 a \u00e9t\u00e9 une ann\u00e9e faible en compositions (5 seulement\u2026&nbsp;\u00bbrecord&nbsp;\u00bb de 99 \u00e9gal\u00e9), mais c\u2019est surtout parce que cette ann\u00e9e l\u00e0, et particuli\u00e8rement cette p\u00e9riode, a correspondu \u00e0 l\u2019entre deux CD (\u00ab&nbsp;mon tour viendra&nbsp;\u00bb, qui venait de sortir, et \u00ab&nbsp;je n\u2019oublierai jamais&nbsp;\u00bb qui se pr\u00e9parait d\u00e9j\u00e0). Ce chant a ouvert une nouvelle porte dans ce genre\u2026et le message et le style ont \u00e9t\u00e9 tr\u00e8s chaleureusement accueillis (\u00e0 l\u2019image de la chanson)<\/p>\n\n\n\n<p class=\"has-eighty-black-color has-text-color has-background\" style=\"background-color:#c2e2f2\">&#8220;Dieu m&#8217;aime&#8221;, \u00e9crite le 4 juin 2005 (mois tr\u00e8s prosp\u00e8re en compositions: 4 au total), \u00ab&nbsp;Dieu m\u2019aime&nbsp;\u00bb est la reprise du m\u00eame style que \u00ab&nbsp;j\u2019\u00e9l\u00e8ve ma voix&nbsp;\u00bb (salsa mix\u00e9e avec du r&amp;b)\u2026le ton particulier c\u2019est celui de l\u2019amour de Dieu\u2026pas \u00e9tonnant que les choristes (d\u2019esp\u00e9rance) en ont fait le meilleur chant de l\u2019ann\u00e9e\u2026 (et pour un grand nombre le meilleur de cette derni\u00e8re d\u00e9cennie). 2005 c\u2019est 6 chants \u00e9crits pour la chorale (dont 5 dans un laps de temps d\u2019une trentaine de jours)\u2026faut croire que le soleil et l\u2019amour font toujours de l\u2019effet quand ils sont conjugu\u00e9s ensemble et parfum\u00e9s par le Seigneur\u2026.<\/p>\n\n\n\n<p class=\"has-light-gray-color has-text-color has-background\" style=\"background-color:#413fd6\">&#8220;Comme dans un r\u00eave&#8221;. Imaginez-vous un 9 juillet 2005, en plein \u00e9t\u00e9, apr\u00e8s avoir \u00e9crit \u00ab&nbsp;Dieu m\u2019aime&nbsp;\u00bb, respirant l\u2019air de la joie d\u2019\u00eatre enfants de Dieu\u2026rien de tel qu\u2019un bon petit reggae pour vous arroser tout \u00e7a\u2026je souhaitais en \u00e9crire un depuis longtemps\u2026vous connaissez la formule: une id\u00e9e, un message, une m\u00e9lodie\u2026et le tour est jou\u00e9\u2026ce chant donne un ton de neuf au Best Of, et la folie de ses textes et de ses solos nous rappellent qu\u2019 \u00eatre chr\u00e9tien ce n\u2019est pas \u00eatre prisonnier, mais libre de d\u00e9passer les fronti\u00e8res des \u00ab&nbsp;je te loue, je t\u2019adore&nbsp;\u00bb qui ont leur place dans la musique chr\u00e9tienne, mais qui ont rendu les compositeurs un peu \u00ab&nbsp;inimaginatifs&nbsp;\u00bb\u2026bien sur c\u2019est dans la continuit\u00e9 d\u2019une s\u00e9rie de 5 chants qui cl\u00f4turent l\u2019ann\u00e9e aux 6 chants (sign\u00e9s de ma modeste plume\u2026)<\/p>\n\n\n\n<p class=\"has-light-gray-color has-text-color has-background\" style=\"background-color:#23237e\">&#8220;Voir ta gloire&#8221;: Ecrit le 29 janvier 2000, dans un style et un message de contemplation, il est devenu au fur et \u00e0 mesure que la chorale l\u2019ex\u00e9cutait un classique pour ce qui concerne cette cat\u00e9gorie\u2026il est \u00e9galement l\u2019un des premiers chants \u00e0 ouvrir une ann\u00e9e remplie de 11 compositions pour la chorale<\/p>\n\n\n\n<p class=\"has-eighty-black-color has-text-color has-background\" style=\"background-color:#c2e2f2\"><strong>\u00ab&nbsp;Fais confiance au seigneur&nbsp;\u00bb<\/strong>: C\u2019est le seul chant \u00e0 avoir \u00e9t\u00e9 remix\u00e9 plusieurs fois pour diff\u00e9rents CDs de la chorale\u2026la premi\u00e8re version de ce chant a \u00e9t\u00e9 \u00e9crite en f\u00e9vrier 97 (au d\u00e9but de la p\u00e9riode du boum des compositions)\u2026c\u2019est une r\u00e9f\u00e9rence dans l\u2019air du \u00ab&nbsp;r &amp; b d\u2019Esp\u00e9rance&nbsp;\u00bb\u2026c\u2019est pour cela que quelques ann\u00e9es plus tard j\u2019ai r\u00e9cup\u00e9r\u00e9 le texte d\u2019un rap que j\u2019avais \u00e9crit juste pour &nbsp;\u00bb m\u2019amuser&nbsp;\u00bb, et que je l\u2019ai associ\u00e9 \u00e0 l\u2019un des refrains les plus chantant d\u2019esp\u00e9rance\u2026le premier essai de ce m\u00e9lange a vu le jour lors d\u2019une prestation en plein air (les couplets \u00e9taient totalement \u00ab&nbsp;rapp\u00e9s&nbsp;\u00bb..)\u2026et on a gard\u00e9 la formule (en mettant une m\u00e9lodie au couplet\u2026histoire de ne pas \u00eatre \u00ab&nbsp;trop hard pour la church&nbsp;\u00bb\u2026)\u2026on a voulu garder la version la plus r\u00e9cente pour le \u00ab&nbsp;best of&nbsp;\u00bb\u2026<\/p>\n\n\n\n<p class=\"has-light-gray-color has-text-color has-background\" style=\"background-color:#413fd6\"><strong>\u00ab&nbsp;Qui est semblable \u00e0 toi&nbsp;\u00bb<\/strong>: Ecrit en pleine p\u00e9riode du boum des compositions (le 11 f\u00e9vrier 98), il est le m\u00e9lange de mes 2 plus grandes influences musicales, \u00e0 savoir le classique et le \u00ab&nbsp;groove ou r&amp;b pour chorale&nbsp;\u00bb(plus commun\u00e9ment appel\u00e9 Gospel Contemporain)\u2026bien avant \u00ab&nbsp;voir ta gloire&nbsp;\u00bb, il est devenu l\u2019un des classiques d\u2019esp\u00e9rance pour la contemplation, et l\u2019adoration\u2026 par cons\u00e9quent il est \u00e9galement parmi les incontournables dans le r\u00e9pertoire d\u2019esp\u00e9rance\u2026(il \u00e9tait d\u00e9j\u00e0 pr\u00e9sent dans le premier CD \u00ab&nbsp;un choix&nbsp;\u00bb)&nbsp;&nbsp;&nbsp;&nbsp;<\/p>\n\n\n\n<p class=\"has-light-gray-color has-text-color has-background\" style=\"background-color:#23237e\"><br>&#8220;Comme un enfant&#8221;: C\u2019est &nbsp;une chanson que j\u2019ai termin\u00e9 d\u2019\u00e9crire le 16 avril 2000<br>G\u00e9n\u00e9ralement je consid\u00e8re qu\u2019une chanson est termin\u00e9e lorsque j\u2019ai \u00e9crit le texte complet, termin\u00e9 les m\u00e9lodies des ch\u0153urs et des solos, achev\u00e9 les arrangements vocaux pour la chorale, la programmation musicale de l\u2019instrumental, et l\u2019apprentissage des voix. Dans certains cas le tout peut se faire en une journ\u00e9e. (G\u00e9n\u00e9ralement pour les chants vite \u00e9crits j\u2019utilise quelques heures pendant la semaine pour l\u2019\u00e9criture, la composition et le d\u00e9but de l\u2019instrumentation, et le samedi matin pour terminer ce qui n\u2019a pas encore \u00e9t\u00e9 fait afin d\u2019avoir tout pr\u00eat pour l\u2019apprentissage du chant qui a lieu l\u2019apr\u00e8s midi lors de la r\u00e9p\u00e9tition).<br>Je pr\u00e9f\u00e8re, pour que les choristes soient plus \u00e0 l\u2019aise, apprendre le chant le premier samedi, le reprendre le samedi suivant et ensuite l\u2019ex\u00e9cuter le lendemain; mais quelques fois on peut aller beaucoup plus vite (chanter le chant le lendemain) ou beaucoup plus lentement\u2026mais les raisons de cela j\u2019en parlerai une autre fois.<br><br>\u00ab&nbsp;Comme un enfant&nbsp;\u00bb contrairement \u00e0 ce qu\u2019on pourrait croire est une chanson que j\u2019ai \u00e9crite et compos\u00e9e tr\u00e8s rapidement, que ce soit pour l\u2019\u00e9criture ou pour l\u2019instrumentation; c\u2019\u00e9tait un message que j\u2019avais sur le c\u0153ur, et une m\u00e9lodie qui m\u2019est venue tr\u00e8s vite; en plus de cette raison, je crois que la convention nationale \u00e9tait tr\u00e8s proche, et \u00e0 cette \u00e9poque je composais encore l\u2019une ou l\u2019autre chanson express\u00e9ment pour l\u2019occasion, et donc je voulais \u00ab&nbsp;pondre&nbsp;\u00bb un bon chant tr\u00e8s vite (je ne le fait plus, pour la convention du moins, car je consid\u00e8re que la convention est une f\u00eate qui n\u00e9cessite d\u2019\u00eatre pr\u00e9par\u00e9e avant, et puis c\u2019est toujours plus int\u00e9ressant quand l\u2019assembl\u00e9e peut en plus d\u2019\u00eatre b\u00e9nie par le chant, participer car elle entend un chant qu\u2019elle a d\u00e9j\u00e0 beaucoup entendu et appr\u00e9ci\u00e9 durant la p\u00e9riode qui pr\u00e9c\u00e8de la convention).<br>Pour parler de l\u2019ann\u00e9e 2000, apr\u00e8s un vide de compositions en 99 (faute de temps notamment \u00e0 cause de la promo du premier CD \u00ab&nbsp;un choix&nbsp;\u00bb mais aussi d\u2019inspiration, je n\u2019ai compos\u00e9 et \u00e9crit que 5 chants pour la chorale en 99), 2000 \u00e9tait une bonne ann\u00e9e (11 chants \u00e9crits et compos\u00e9s pour la chorale).<\/p>\n\n\n\n<p class=\"has-background\" style=\"background-color:#c2e2f2\"><br>&#8220;Entre tes mains&#8221;: C\u2019est le type m\u00eame du chant \u00e9crit en fonction d\u2019un \u00e9tat d\u2019\u00e2me personnel. J\u2019introduis ce chant (dans le CD) en disant : &nbsp;\u00bb Ce chant est le cri de celui qui est accul\u00e9 par les probl\u00e8mes et les difficult\u00e9s de la vie\u2026..mais sache qu\u2019au bout du chemin il y a toujours une lumi\u00e8re qui luit\u2026&nbsp;\u00bb. Par ce chant j\u2019ai d\u00e9velopp\u00e9 encore plus que dans le pass\u00e9 une fa\u00e7on d\u2019\u00e9crire simplement en reportant ce que je vis (ce que je ne recommande pas syst\u00e9matiquement), mais \u00e9galement une fa\u00e7on de s\u2019adresser directement au Seigneur sans d\u00e9tours ; mais une des forces de ce chant, et c\u2019est ce qui a fait son succ\u00e8s (\u00e0 mon avis), c\u2019est qu\u2019il correspondait \u00e0 l\u2019\u00e9tat de plusieurs : beaucoup de gens se sont reconnus dedans, parce qu\u2019ils affrontaient \u00e9galement des situations difficiles, et qu\u2019ils n\u2019avaient d\u2019autre recours que le Seigneur. La musique y est tr\u00e8s simple (et cyclique), et la seule allusion biblique se trouve au d\u00e9but du 1er couplet (o\u00f9 je paraphrase le d\u00e9but du psaume 121). J\u2019ai termin\u00e9 l\u2019\u00e9criture et la composition de ce chant le 3 juin 2001 ; cette p\u00e9riode \u00e9tait probablement l\u2019une des plus difficiles de ma vie personnelles, et pendant 4 mois je n\u2019ai pas pu \u00e9crire le moindre chant ; avec &nbsp;\u00bb entre tes mains \u00ab&nbsp;, j\u2019entame une s\u00e9rie de 3 chants pour la chorale en moins de 3 semaines (&nbsp;\u00bb entre tes mains \u00ab&nbsp;, &nbsp;\u00bb je m\u2019accroche \u00e0 toi \u00ab&nbsp;, parus tous 2 dans le CD &nbsp;\u00bb Libre \u00ab&nbsp;, et &nbsp;\u00bb si je vis &nbsp;\u00bb paru plus tard dans le CD &nbsp;\u00bb Je n\u2019oublierai jamais \u00ab&nbsp;).<br>Pour l\u2019anecdote, en r\u00e9alit\u00e9 j\u2019avais d\u00e9j\u00e0 \u00e9crit le refrain de ce chant depuis un certain temps mais je ne pensais pas en faire un refrain que la chorale pouvait chanter, mais un jour (je crois que j\u2019avais tellement peu d\u2019inspiration que je me suis tourn\u00e9 vers le seul chant que je pouvais travailler) en r\u00e9\u00e9coutant mes essais (c\u2019est une s\u00e9rie de d\u00e9mos et de d\u00e9buts de chant que j\u2019accumule avec le temps) je me suis mis en t\u00eate que finalement \u00e7a pouvait \u00eatre un excellent refrain , et les couplets sont sortis tr\u00e8s simplement. Je dois \u00e9galement ajouter que ce chant est parmi les rares chants que j\u2019ai essay\u00e9 d\u2019interpr\u00e9ter (comme soliste) en douceur (tout au moins en partie) contrairement \u00e0 mon habitude : je pr\u00e9f\u00e8re les interpr\u00e9tations en force, car ils me correspondent mieux (vocalement parlant). Pour ce qui concerne le nombre total de chants \u00e9crits en 2001, j\u2019ai comptabilis\u00e9 7 chants cette ann\u00e9e l\u00e0 pour la chorale.<br><br>\u00ab&nbsp;<strong>Le messie est mort&nbsp;\u00bb<\/strong><\/p>\n\n\n\n<p><br>J\u2019ai termin\u00e9 la composition et l\u2019\u00e9criture de cette chanson le 09 septembre 2000; de toutes mes compositions, c\u2019est celle dont je suis le plus fier, car d\u2019une part elle parle de l\u2019oeuvre de la croix (message central pour tous les chr\u00e9tiens, c\u2019est la base de notre foi et de notre salut), d\u2019autre part le texte est profond, bien travaill\u00e9 et enfin les arrangements ainsi que la structure du chant y sont originaux. Cette phrase qui en est devenue le titre (\u00ab&nbsp;le messie est mort&nbsp;\u00bb) a sonn\u00e9 comme une r\u00e9v\u00e9lation \u00e0 mes oreilles et \u00e0 mon coeur\u2026c\u2019est presque comme si on disait que Dieu \u00e9tait mort\u2026(j\u2019avais l\u2019impression de ne jamais avoir entendu ce message de cette mani\u00e8re)\u2026d\u00e9s le moment o\u00f9 j\u2019ai re\u00e7u l\u2019inspiration de cette phrase, c\u2019est comme si je savais que j\u2019allais \u00e9crire un chant hors du commun, et je n\u2019ai pas \u00e9t\u00e9 totalement surpris de la fa\u00e7on dont il a \u00e9t\u00e9 accueilli au niveau de l\u2019\u00e9glise (je crois que j\u2019aurais \u00e9t\u00e9 d\u00e9\u00e7u qu\u2019un tel chant passe \u00e0 c\u00f4t\u00e9 de la perception des chr\u00e9tiens tout au moins). L\u2019an 2000 comme je l\u2019ai dit pour d\u2019autres chants \u00e9tait une belle ann\u00e9e en termes de compositions (11 chants \u00e9crits et compos\u00e9s pour la chorale) apr\u00e8s le d\u00e9sert de 99 (5 chants \u00e9crits seulement). Pour revenir \u00e0 la structure de la chanson, celle-ci est vraiment divis\u00e9e en 2 parties, et au moment o\u00f9 j\u2019\u00e9crivais la premi\u00e8re je n\u2019avais aucune id\u00e9e de la mani\u00e8re dont le chant allait se finir (ce qui est souvent le cas de mes chants\u2026je travaille d\u2019abord le refrain et les couplets). Ce chant est parmi les chants qui avaient d\u2019office un billet d\u2019entr\u00e9e pour le premier CD en vue \u00e0 l\u2019\u00e9poque (\u00ab&nbsp;Libre&nbsp;\u00bb) et ensuite pour le best of.<br><br>\u00ab&nbsp;<strong>Va de l\u2019avant&nbsp;\u00bb<\/strong><\/p>\n\n\n\n<p><br>C\u2019est ma chanson pr\u00e9f\u00e9r\u00e9e (je crois), car elle correspond \u00e0 mon vrai style, \u00e0 savoir le rythme and blues adapt\u00e9 \u00e0 la chorale, le lead (la voix que je chante) me correspond parfaitement, la structure, les cassures (breaks) et autres arrangements sont l\u2019expression de ma vraie nature musicale, et le texte est celui de l\u2019encouragement (c\u2019est probablement le message que j\u2019ai le plus exploit\u00e9)\u2026c\u2019est le genre de chant pour lequel je prends un r\u00e9el plaisir \u00e0 l\u2019\u00e9criture, \u00e0 la composition et \u00e0 l\u2019instrumentation\u2026en fait c\u2019est le premier chant que j\u2019ai commenc\u00e9 \u00e0 retravailler quand nous avons pris la d\u00e9cision d\u2019entrependre le projet \u00ab&nbsp;libre&nbsp;\u00bb (le 2\u00e8me CD), et je savais que ce serait le dernier chant du CD\u2026c\u2019est aussi un chant qui avait \u00e9galement d\u2019office sa place dans le best of. J\u2019ai termin\u00e9 l\u2019\u00e9criture de ce chant le 18 janvier 2002. (En fait 2002 n\u2019a pas \u00e9t\u00e9 une grande ann\u00e9e de compositions pour la chorale, notamment \u00e0 cause de la pr\u00e9paration de l\u2019album \u00ab&nbsp;libre&nbsp;\u00bb \u00e0 partir de juin\/juillet\u2026en effet je n\u2019ai \u00e9crit et compos\u00e9 que 4 chants pour la chorale, soit le nombre de chants le plus petit de ces 10 derni\u00e8res ann\u00e9es; n\u00e9anmoins les 6 premiers mois de cette ann\u00e9e j\u2019ai \u00e9crit et compos\u00e9 au total une demi douzaine de chants notamment pour l\u2019\u00e9quipe de louange et pour stand up)<br><br>\u00ab&nbsp;<strong>Tu n\u2019es pas loin&nbsp;\u00bb<\/strong><\/p>\n\n\n\n<p><br>Chanson que j\u2019ai termin\u00e9 d\u2019\u00e9crire et de composer le 19 septembre 98; encore un des chants de la belle \u00e9poque (97 et 98 \u00e9tant les 2 ann\u00e9es o\u00f9 j\u2019ai le plus compos\u00e9 et \u00e9crit pour la chorale:16 et 15 chants respectivement). La particularit\u00e9 de ce chant: simplicit\u00e9 totale; il fait partie des chants qui me touchent le plus, et que je peux souvent r\u00e9\u00e9couter\u2026sans citer le nom de J\u00e9sus ou de Dieu, ce chant est comme une po\u00e9sie de l\u2019\u00e2me exprimant en de simples mots la proximit\u00e9 d\u2019un Dieu qui est notre ami\u2026incontournable pour \u00ab&nbsp;Libre&nbsp;\u00bb, il avait \u00e9galement un billet assur\u00e9 pour le Best OF. J\u2019ai retravaill\u00e9 l\u2019instrumentation pour la sortie du CD \u00ab&nbsp;Libre&nbsp;\u00bb pour lui donner une couleur un peu soul (et la chorale suit cette vague dans sa fa\u00e7on de le chanter).<br><br><\/p>\n\n\n\n<p><strong>Mes coups de c\u0153ur:<\/strong><br><br>\u00ab&nbsp;<strong>La plus grande marque d\u2019amour&nbsp;\u00bb<\/strong><br>\u00ab&nbsp;La plus grande marque d\u2019amour&nbsp;\u00bb, chanson de l\u2019album \u00ab&nbsp;Je n\u2019oublierai jamais&nbsp;\u00bb.<br>J\u2019ai termin\u00e9 d\u2019\u00e9crire cette chanson le 3 octobre 98; notons que 97 et 98 sont les grandes ann\u00e9es de boum, car j\u2019ai \u00e9crit 16 chants en 97 (pour la chorale) et 15 en 98 (pour la chorale), et le r\u00e9pertoire s\u2019est totalement transform\u00e9.<br>Cette chanson est une des premi\u00e8res o\u00f9 je m\u2019exprime en long sur l\u2019\u0153uvre de J\u00e9sus \u00e0 la croix, et jusqu\u2019\u00e0 ce que j\u2019\u00e9crive un peu plus tard &nbsp;\u00bb le messie est mort&nbsp;\u00bb, j\u2019\u00e9tais persuad\u00e9 que cette chanson serait la meilleure du genre sur le sujet, et ferait d\u2019office partie du CD suivant (\u00ab&nbsp;libre&nbsp;\u00bb) ; mais il a fallu attendre quelques ann\u00e9es pour qu\u2019elle apparaisse sur un CD.<br><br><br>\u00ab&nbsp;<strong>Je m\u2019accroche \u00e0 toi&nbsp;\u00bb<\/strong><\/p>\n\n\n\n<p class=\"has-dark-yellow-background-color has-background\"><br>&nbsp;\u00bb Je m\u2019accroche \u00e0 toi \u00ab&nbsp;\u2026.avec le chant entre tes mains c\u2019est ce que j\u2019appelle les ins\u00e9parables.<br>M\u00eame si ce chant a \u00e9t\u00e9 \u00e9crit et compos\u00e9 dans la m\u00eame p\u00e9riode que &nbsp;\u00bb entre tes mains &nbsp;\u00bb (je l\u2019ai fini le 21 juin 2001), ce chant constitue pour moi une fiert\u00e9 tant musicale (le style, les arrangements) qu\u2019au point de vue du message , c\u2019est ce que j\u2019appelle un chant travaill\u00e9. Pour le style, je choisis pour la premi\u00e8re fois le blues (voir m\u00eame des passages tr\u00e8s jazzy) ; je m\u2019attaque \u00e0 un style que j\u2019aime , et je r\u00e9alise un arrangement que je qualifie d\u2019original pour une chorale. En ce qui concerne le message, je m\u2019inspire principalement de deux textes : le premier Gen\u00e8se 18 (dans lequel Abraham discute avec le Seigneur pour le salut de Sodome car son neveu Lot s\u2019y trouve, mais Dieu a d\u00e9cid\u00e9 de d\u00e9truire cette ville \u00e0 cause de son impi\u00e9t\u00e9) ; je r\u00e9cup\u00e8re de ce texte le dialogue tr\u00e8s personnel qui est le panache du blues ; le deuxi\u00e8me texte est le psaume 73 d\u2019Asaph : ce psaume est tellement r\u00e9el, car il raconte ce qu\u2019un chr\u00e9tien a pens\u00e9 au moins une fois dans sa vie : les m\u00e9chants semblent prosp\u00e9rer tandis que le que les justes accumulent les malheurs\u2026mais la fin est tr\u00e8s clairement \u00e0 l\u2019avantage du juste. Ce qui fait ma fiert\u00e9, c\u2019est que je pense par ce chant cr\u00e9er un bijou sur des textes \u00e0 partir desquels je n\u2019ai jamais entendu de chanson \u00e9crite (pour dire vrai j\u2019ai \u00e0 chaque chanson que j\u2019\u00e9cris en plus du fond et de la forme le souci d\u2019innover et d\u2019apporter quelque chose qui n\u2019a pas encore \u00e9t\u00e9 cr\u00e9\u00e9 ou exploit\u00e9\u2026et \u00e7a peut simplement \u00eatre une phrase cl\u00e9\u2026)<br><br><\/p>\n\n\n\n<p><br>\u00ab&nbsp;<strong>Besoin de toi&nbsp;\u00bb<\/strong><\/p>\n\n\n\n<p><br>C\u2019est la plus vieille de mes compositions pour la chorale parue sur un CD (car la plus vieille de mes compositions pour la chorale se trouve sur la k7 de la chorale: c\u2019est la chanson \u00ab&nbsp;son sang nous a purifi\u00e9s&nbsp;\u00bb, chanson que j\u2019ai \u00e9crite en 91, mais que j\u2019ai adapt\u00e9 pour les chorals 1 ou 2 ans plus tard).<br>Cette ann\u00e9e l\u00e0 (1993) je n\u2019ai \u00e9crit qu\u2019un chant pour la chorale (\u00e0 l\u2019\u00e9poque le r\u00e9pertoire \u00e9tait tr\u00e8s diff\u00e9rent de notre r\u00e9pertoire actuel, et je n\u2019avais pas la pression d\u2019\u00e9criture comme elle est apparue quelques ann\u00e9es plus tard); ce chant (pour le peu de souvenirs qu\u2019il m\u2019en reste) est l\u2019expression de la n\u00e9cessit\u00e9 du Seigneur (et de son secours) exprim\u00e9s par un jeune adolescent (ce que j\u2019\u00e9tais \u00e0 l\u2019\u00e9poque); j\u2019ai retravaill\u00e9 l\u2019arrangement et les textes du chant quelques ann\u00e9es apr\u00e8s la premi\u00e8re version (qui est tr\u00e8s proche de l\u2019actuelle version).<br><br><\/p>\n\n\n\n<p><br>\u00ab&nbsp;<strong>Le bon berger&nbsp;\u00bb<\/strong><\/p>\n\n\n\n<p><br>Ecrite et compos\u00e9e le 8 avril 2000 (bonne ann\u00e9e de composition: 11 chants), parrue dans le CD \u00ab&nbsp;Libre&nbsp;\u00bb, elle est le type m\u00eame de chanson qui raconte une histoire\u2026et cela est une de mes caract\u00e9ristiques en termes de style\u2026malgr\u00e9 son manque de popularit\u00e9 par rapport \u00e0 d\u2019autres chants, c\u2019est le genre de chanson que je peux \u00e9couter et r\u00e9\u00e9couter sans fin: au style R&amp;B \u00e0 tempo moyen, il correspond \u00e9galement \u00e0 mon style musical (comme la chanson \u00ab&nbsp;va de l\u2019avant&nbsp;\u00bb, mais en plus lent), et il me fait du bien au coeur: il m\u2019\u00e9difie r\u00e9ellement et totalement.<br><br><\/p>\n\n\n\n<p>&nbsp;Didier Mutyebele<\/p>\n","protected":false},"excerpt":{"rendered":"<p>Je vous souhaite la bienvenue dans cette rubrique de la<\/p>\n<p class=\"more-link\"><a href=\"https:\/\/chorale-esperance.com\/index.php\/dans-les-coulisses\/lhistoire-des-chants\/\" class=\"readmore\">Lire la suite<svg class=\"icon icon-arrow-right\" aria-hidden=\"true\" role=\"img\"> <use href=\"#icon-arrow-right\" xlink:href=\"#icon-arrow-right\"><\/use> <\/svg><span class=\"screen-reader-text\">L&#8217;histoire des chants<\/span><\/a><\/p>\n","protected":false},"author":1,"featured_media":0,"parent":147,"menu_order":0,"comment_status":"closed","ping_status":"closed","template":"","meta":{"footnotes":""},"class_list":["post-155","page","type-page","status-publish","hentry"],"_links":{"self":[{"href":"https:\/\/chorale-esperance.com\/index.php\/wp-json\/wp\/v2\/pages\/155","targetHints":{"allow":["GET"]}}],"collection":[{"href":"https:\/\/chorale-esperance.com\/index.php\/wp-json\/wp\/v2\/pages"}],"about":[{"href":"https:\/\/chorale-esperance.com\/index.php\/wp-json\/wp\/v2\/types\/page"}],"author":[{"embeddable":true,"href":"https:\/\/chorale-esperance.com\/index.php\/wp-json\/wp\/v2\/users\/1"}],"replies":[{"embeddable":true,"href":"https:\/\/chorale-esperance.com\/index.php\/wp-json\/wp\/v2\/comments?post=155"}],"version-history":[{"count":10,"href":"https:\/\/chorale-esperance.com\/index.php\/wp-json\/wp\/v2\/pages\/155\/revisions"}],"predecessor-version":[{"id":239,"href":"https:\/\/chorale-esperance.com\/index.php\/wp-json\/wp\/v2\/pages\/155\/revisions\/239"}],"up":[{"embeddable":true,"href":"https:\/\/chorale-esperance.com\/index.php\/wp-json\/wp\/v2\/pages\/147"}],"wp:attachment":[{"href":"https:\/\/chorale-esperance.com\/index.php\/wp-json\/wp\/v2\/media?parent=155"}],"curies":[{"name":"wp","href":"https:\/\/api.w.org\/{rel}","templated":true}]}}